{"id":123,"date":"2016-06-03T13:42:40","date_gmt":"2016-06-03T12:42:40","guid":{"rendered":"http:\/\/echecsmetzfischer.fr\/?page_id=123"},"modified":"2016-08-04T10:53:24","modified_gmt":"2016-08-04T09:53:24","slug":"adultes-2","status":"publish","type":"page","link":"https:\/\/echecsmetzfischer.fr\/?page_id=123","title":{"rendered":"Adultes"},"content":{"rendered":"<p style=\"text-align: justify;\">Le Club d&rsquo;Echecs Metz Fischer est l&rsquo;un des rares clubs \u00e0 proposer une formation pour les adultes de tous niveaux. Elle est assur\u00e9e par l&rsquo;entra\u00eeneur S\u00e9bastien Pucher, Ma\u00eetre de la f\u00e9d\u00e9ration internationale des \u00e9checs.<\/p>\n<p style=\"text-align: justify;\">Celle-ci se d\u00e9roule un vendredi soir sur deux (voir les dates dans le calendrier) de 20h45 \u00e0 22h30. Les adultes d\u00e9butants peuvent \u00e9galement venir se confronter aux jeunes le samedi matin de 10h30 \u00e0 midi.<\/p>\n","protected":false},"excerpt":{"rendered":"<p>Le Club d&rsquo;Echecs Metz Fischer est l&rsquo;un des rares clubs \u00e0 proposer une formation pour les adultes de tous niveaux. Elle est assur\u00e9e par l&rsquo;entra\u00eeneur S\u00e9bastien Pucher, Ma\u00eetre de la f\u00e9d\u00e9ration internationale des \u00e9checs. Celle-ci se d\u00e9roule un vendredi soir &hellip; <a href=\"https:\/\/echecsmetzfischer.fr\/?page_id=123\">Continue la lecture <span class=\"meta-nav\">&rarr;<\/span><\/a><\/p>\n","protected":false},"author":1,"featured_media":0,"parent":0,"menu_order":0,"comment_status":"closed","ping_status":"closed","template":"","meta":{"jetpack_post_was_ever_published":false,"_mc_calendar":[],"footnotes":""},"class_list":["post-123","page","type-page","status-publish","hentry"],"jetpack_sharing_enabled":true,"jetpack_shortlink":"https:\/\/wp.me\/P89Tyy-1Z","jetpack-related-posts":[],"_links":{"self":[{"href":"https:\/\/echecsmetzfischer.fr\/index.php?rest_route=\/wp\/v2\/pages\/123","targetHints":{"allow":["GET"]}}],"collection":[{"href":"https:\/\/echecsmetzfischer.fr\/index.php?rest_route=\/wp\/v2\/pages"}],"about":[{"href":"https:\/\/echecsmetzfischer.fr\/index.php?rest_route=\/wp\/v2\/types\/page"}],"author":[{"embeddable":true,"href":"https:\/\/echecsmetzfischer.fr\/index.php?rest_route=\/wp\/v2\/users\/1"}],"replies":[{"embeddable":true,"href":"https:\/\/echecsmetzfischer.fr\/index.php?rest_route=%2Fwp%2Fv2%2Fcomments&post=123"}],"version-history":[{"count":4,"href":"https:\/\/echecsmetzfischer.fr\/index.php?rest_route=\/wp\/v2\/pages\/123\/revisions"}],"predecessor-version":[{"id":556,"href":"https:\/\/echecsmetzfischer.fr\/index.php?rest_route=\/wp\/v2\/pages\/123\/revisions\/556"}],"wp:attachment":[{"href":"https:\/\/echecsmetzfischer.fr\/index.php?rest_route=%2Fwp%2Fv2%2Fmedia&parent=123"}],"curies":[{"name":"wp","href":"https:\/\/api.w.org\/{rel}","templated":true}]}}