{"id":22,"date":"2016-06-02T20:10:32","date_gmt":"2016-06-02T19:10:32","guid":{"rendered":"http:\/\/echecsmetzfischer.fr\/?page_id=22"},"modified":"2024-02-26T23:00:40","modified_gmt":"2024-02-26T22:00:40","slug":"presentation","status":"publish","type":"page","link":"https:\/\/echecsmetzfischer.fr\/?page_id=22","title":{"rendered":"Pr\u00e9sentation"},"content":{"rendered":"<p style=\"text-align: center;\">\u00a0 \u00a0 \u00a0 \u00a0 \u00a0 \u00a0 \u00a0 \u00a0 \u00a0<img data-recalc-dims=\"1\" loading=\"lazy\" decoding=\"async\" data-attachment-id=\"404\" data-permalink=\"https:\/\/echecsmetzfischer.fr\/?attachment_id=404\" data-orig-file=\"https:\/\/i0.wp.com\/echecsmetzfischer.fr\/wp-content\/uploads\/2016\/06\/logo-Metz-Fischer-3.png?fit=168%2C126&amp;ssl=1\" data-orig-size=\"168,126\" data-comments-opened=\"1\" data-image-meta=\"{&quot;aperture&quot;:&quot;0&quot;,&quot;credit&quot;:&quot;&quot;,&quot;camera&quot;:&quot;&quot;,&quot;caption&quot;:&quot;&quot;,&quot;created_timestamp&quot;:&quot;0&quot;,&quot;copyright&quot;:&quot;&quot;,&quot;focal_length&quot;:&quot;0&quot;,&quot;iso&quot;:&quot;0&quot;,&quot;shutter_speed&quot;:&quot;0&quot;,&quot;title&quot;:&quot;&quot;,&quot;orientation&quot;:&quot;0&quot;}\" data-image-title=\"logo Metz Fischer (3)\" data-image-description=\"\" data-image-caption=\"\" data-large-file=\"https:\/\/i0.wp.com\/echecsmetzfischer.fr\/wp-content\/uploads\/2016\/06\/logo-Metz-Fischer-3.png?fit=168%2C126&amp;ssl=1\" class=\"alignnone wp-image-404\" src=\"https:\/\/i0.wp.com\/echecsmetzfischer.fr\/wp-content\/uploads\/2016\/06\/logo-Metz-Fischer-3.png?resize=91%2C68&#038;ssl=1\" alt=\"logo Metz Fischer (3)\" width=\"91\" height=\"68\" \/>\u00a0 \u00a0\u00ab\u00a0<span style=\"color: #808000;\">CLUB de HAUT NIVEAU<\/span> \u00ab\u00a0<\/p>\n<p><span style=\"color: #444444;\">H\u00e9ritier de l\u2019un des plus anciens clubs d&rsquo;\u00e9checs de l\u2019hexagone cr\u00e9\u00e9 en 1925, le club d&rsquo;\u00e9checs Metz Fischer compte aujourd&rsquo;hui plus de 200 membres.\u00a0 \u00a0\u00a0<\/span><\/p>\n<p style=\"text-align: left;\">\n","protected":false},"excerpt":{"rendered":"<p>\u00a0 \u00a0 \u00a0 \u00a0 \u00a0 \u00a0 \u00a0 \u00a0 \u00a0\u00a0 \u00a0\u00ab\u00a0CLUB de HAUT NIVEAU \u00ab\u00a0 H\u00e9ritier de l\u2019un des plus anciens clubs d&rsquo;\u00e9checs de l\u2019hexagone cr\u00e9\u00e9 en 1925, le club d&rsquo;\u00e9checs Metz Fischer compte aujourd&rsquo;hui plus de 200 membres.\u00a0 \u00a0\u00a0<\/p>\n","protected":false},"author":1,"featured_media":0,"parent":0,"menu_order":0,"comment_status":"closed","ping_status":"closed","template":"","meta":{"jetpack_post_was_ever_published":false,"_mc_calendar":[],"footnotes":""},"class_list":["post-22","page","type-page","status-publish","hentry"],"jetpack_sharing_enabled":true,"jetpack_shortlink":"https:\/\/wp.me\/P89Tyy-m","jetpack-related-posts":[],"_links":{"self":[{"href":"https:\/\/echecsmetzfischer.fr\/index.php?rest_route=\/wp\/v2\/pages\/22","targetHints":{"allow":["GET"]}}],"collection":[{"href":"https:\/\/echecsmetzfischer.fr\/index.php?rest_route=\/wp\/v2\/pages"}],"about":[{"href":"https:\/\/echecsmetzfischer.fr\/index.php?rest_route=\/wp\/v2\/types\/page"}],"author":[{"embeddable":true,"href":"https:\/\/echecsmetzfischer.fr\/index.php?rest_route=\/wp\/v2\/users\/1"}],"replies":[{"embeddable":true,"href":"https:\/\/echecsmetzfischer.fr\/index.php?rest_route=%2Fwp%2Fv2%2Fcomments&post=22"}],"version-history":[{"count":59,"href":"https:\/\/echecsmetzfischer.fr\/index.php?rest_route=\/wp\/v2\/pages\/22\/revisions"}],"predecessor-version":[{"id":7915,"href":"https:\/\/echecsmetzfischer.fr\/index.php?rest_route=\/wp\/v2\/pages\/22\/revisions\/7915"}],"wp:attachment":[{"href":"https:\/\/echecsmetzfischer.fr\/index.php?rest_route=%2Fwp%2Fv2%2Fmedia&parent=22"}],"curies":[{"name":"wp","href":"https:\/\/api.w.org\/{rel}","templated":true}]}}