{"id":26,"date":"2016-06-02T20:13:01","date_gmt":"2016-06-02T19:13:01","guid":{"rendered":"http:\/\/echecsmetzfischer.fr\/?page_id=26"},"modified":"2016-06-23T10:49:41","modified_gmt":"2016-06-23T09:49:41","slug":"horaires-douverture","status":"publish","type":"page","link":"https:\/\/echecsmetzfischer.fr\/?page_id=26","title":{"rendered":"Horaires d&rsquo;ouverture"},"content":{"rendered":"<p style=\"text-align: center;\">Le Club \u00a0 \u00a0\u00a0<img data-recalc-dims=\"1\" loading=\"lazy\" decoding=\"async\" data-attachment-id=\"404\" data-permalink=\"https:\/\/echecsmetzfischer.fr\/?attachment_id=404\" data-orig-file=\"https:\/\/i0.wp.com\/echecsmetzfischer.fr\/wp-content\/uploads\/2016\/06\/logo-Metz-Fischer-3.png?fit=168%2C126&amp;ssl=1\" data-orig-size=\"168,126\" data-comments-opened=\"1\" data-image-meta=\"{&quot;aperture&quot;:&quot;0&quot;,&quot;credit&quot;:&quot;&quot;,&quot;camera&quot;:&quot;&quot;,&quot;caption&quot;:&quot;&quot;,&quot;created_timestamp&quot;:&quot;0&quot;,&quot;copyright&quot;:&quot;&quot;,&quot;focal_length&quot;:&quot;0&quot;,&quot;iso&quot;:&quot;0&quot;,&quot;shutter_speed&quot;:&quot;0&quot;,&quot;title&quot;:&quot;&quot;,&quot;orientation&quot;:&quot;0&quot;}\" data-image-title=\"logo Metz Fischer (3)\" data-image-description=\"\" data-image-caption=\"\" data-large-file=\"https:\/\/i0.wp.com\/echecsmetzfischer.fr\/wp-content\/uploads\/2016\/06\/logo-Metz-Fischer-3.png?fit=168%2C126&amp;ssl=1\" class=\"alignnone wp-image-404\" src=\"https:\/\/i0.wp.com\/echecsmetzfischer.fr\/wp-content\/uploads\/2016\/06\/logo-Metz-Fischer-3.png?resize=100%2C75&#038;ssl=1\" alt=\"logo Metz Fischer (3)\" width=\"100\" height=\"75\" \/><\/p>\n<p>\u00a0est ouvert \u00e0 l&rsquo;ensemble de ses membres et accueille avec plaisir les joueurs amis:<\/p>\n<ul>\n<li>le vendredi soir\u00a0\u00e0 partir de 20h 30 (cours et entrainement)<\/li>\n<li>les samedis, dimanches et jours f\u00e9ri\u00e9s de 16h 30 \u00e0 19h 30 \u00a0 \u00a0 \u00a0 \u00a0 \u00a0 \u00a0 \u00a0 \u00a0 \u00a0 \u00a0 \u00a0 \u00a0 \u00a0 \u00a0 \u00a0 \u00a0 \u00a0 (blitz, jeu \u00a0libre, \u00a0d\u00e9tente et convivialit\u00e9.)<\/li>\n<\/ul>\n<ul>\n<li>les mercredis apr\u00e8s-midi (14h \u00e0 \u00a018h), les vendredis (18 h 30 \u00e0 20h) \u00a0 \u00a0 \u00a0 \u00a0 \u00a0 \u00a0 \u00a0 et les samedis matin \u00a0(10h30 \u00e0 12h ) \u00a0 \u00a0 \u00a0 \u00a0 pour les cours des joueurs d\u00e9butants, confirm\u00e9s et experts.<\/li>\n<\/ul>\n<p>&nbsp;<\/p>\n","protected":false},"excerpt":{"rendered":"<p>Le Club \u00a0 \u00a0\u00a0 \u00a0est ouvert \u00e0 l&rsquo;ensemble de ses membres et accueille avec plaisir les joueurs amis: le vendredi soir\u00a0\u00e0 partir de 20h 30 (cours et entrainement) les samedis, dimanches et jours f\u00e9ri\u00e9s de 16h 30 \u00e0 19h 30 &hellip; <a href=\"https:\/\/echecsmetzfischer.fr\/?page_id=26\">Continue la lecture <span class=\"meta-nav\">&rarr;<\/span><\/a><\/p>\n","protected":false},"author":1,"featured_media":0,"parent":0,"menu_order":0,"comment_status":"closed","ping_status":"closed","template":"","meta":{"jetpack_post_was_ever_published":false,"_mc_calendar":[],"footnotes":""},"class_list":["post-26","page","type-page","status-publish","hentry"],"jetpack_sharing_enabled":true,"jetpack_shortlink":"https:\/\/wp.me\/P89Tyy-q","jetpack-related-posts":[],"_links":{"self":[{"href":"https:\/\/echecsmetzfischer.fr\/index.php?rest_route=\/wp\/v2\/pages\/26","targetHints":{"allow":["GET"]}}],"collection":[{"href":"https:\/\/echecsmetzfischer.fr\/index.php?rest_route=\/wp\/v2\/pages"}],"about":[{"href":"https:\/\/echecsmetzfischer.fr\/index.php?rest_route=\/wp\/v2\/types\/page"}],"author":[{"embeddable":true,"href":"https:\/\/echecsmetzfischer.fr\/index.php?rest_route=\/wp\/v2\/users\/1"}],"replies":[{"embeddable":true,"href":"https:\/\/echecsmetzfischer.fr\/index.php?rest_route=%2Fwp%2Fv2%2Fcomments&post=26"}],"version-history":[{"count":13,"href":"https:\/\/echecsmetzfischer.fr\/index.php?rest_route=\/wp\/v2\/pages\/26\/revisions"}],"predecessor-version":[{"id":431,"href":"https:\/\/echecsmetzfischer.fr\/index.php?rest_route=\/wp\/v2\/pages\/26\/revisions\/431"}],"wp:attachment":[{"href":"https:\/\/echecsmetzfischer.fr\/index.php?rest_route=%2Fwp%2Fv2%2Fmedia&parent=26"}],"curies":[{"name":"wp","href":"https:\/\/api.w.org\/{rel}","templated":true}]}}