{"id":41,"date":"2016-06-02T20:20:30","date_gmt":"2016-06-02T19:20:30","guid":{"rendered":"http:\/\/echecsmetzfischer.fr\/?page_id=41"},"modified":"2025-10-13T08:30:24","modified_gmt":"2025-10-13T07:30:24","slug":"le-comite","status":"publish","type":"page","link":"https:\/\/echecsmetzfischer.fr\/?page_id=41","title":{"rendered":"Le comit\u00e9"},"content":{"rendered":"<p style=\"text-align: justify;\">Pr\u00e9sident : Christopher Montaigu<\/p>\n<p style=\"text-align: justify;\">Secr\u00e9taire : Fran\u00e7oise Antoine<\/p>\n<p style=\"text-align: justify;\">Tr\u00e9sorier : Dominique Hartmann<\/p>\n<p style=\"text-align: justify;\">Assesseurs : Marc Lanfrit, Daniel Pucher, Nadine Monpeurt, Emmanuel Degryse, Ana\u00efs Montaigu<\/p>\n\n\n<p><\/p>\n","protected":false},"excerpt":{"rendered":"<p>Pr\u00e9sident : Christopher Montaigu Secr\u00e9taire : Fran\u00e7oise Antoine Tr\u00e9sorier : Dominique Hartmann Assesseurs : Marc Lanfrit, Daniel Pucher, Nadine Monpeurt, Emmanuel Degryse, Ana\u00efs Montaigu<\/p>\n","protected":false},"author":1,"featured_media":0,"parent":0,"menu_order":0,"comment_status":"closed","ping_status":"closed","template":"","meta":{"jetpack_post_was_ever_published":false,"_mc_calendar":[],"footnotes":""},"class_list":["post-41","page","type-page","status-publish","hentry"],"jetpack_sharing_enabled":true,"jetpack_shortlink":"https:\/\/wp.me\/P89Tyy-F","jetpack-related-posts":[],"_links":{"self":[{"href":"https:\/\/echecsmetzfischer.fr\/index.php?rest_route=\/wp\/v2\/pages\/41","targetHints":{"allow":["GET"]}}],"collection":[{"href":"https:\/\/echecsmetzfischer.fr\/index.php?rest_route=\/wp\/v2\/pages"}],"about":[{"href":"https:\/\/echecsmetzfischer.fr\/index.php?rest_route=\/wp\/v2\/types\/page"}],"author":[{"embeddable":true,"href":"https:\/\/echecsmetzfischer.fr\/index.php?rest_route=\/wp\/v2\/users\/1"}],"replies":[{"embeddable":true,"href":"https:\/\/echecsmetzfischer.fr\/index.php?rest_route=%2Fwp%2Fv2%2Fcomments&post=41"}],"version-history":[{"count":11,"href":"https:\/\/echecsmetzfischer.fr\/index.php?rest_route=\/wp\/v2\/pages\/41\/revisions"}],"predecessor-version":[{"id":8509,"href":"https:\/\/echecsmetzfischer.fr\/index.php?rest_route=\/wp\/v2\/pages\/41\/revisions\/8509"}],"wp:attachment":[{"href":"https:\/\/echecsmetzfischer.fr\/index.php?rest_route=%2Fwp%2Fv2%2Fmedia&parent=41"}],"curies":[{"name":"wp","href":"https:\/\/api.w.org\/{rel}","templated":true}]}}