{"id":47,"date":"2016-06-02T20:24:53","date_gmt":"2016-06-02T19:24:53","guid":{"rendered":"http:\/\/echecsmetzfischer.fr\/?page_id=47"},"modified":"2024-09-23T11:16:31","modified_gmt":"2024-09-23T10:16:31","slug":"sinscrire-au-club","status":"publish","type":"page","link":"https:\/\/echecsmetzfischer.fr\/?page_id=47","title":{"rendered":"S&rsquo;inscrire au club"},"content":{"rendered":"\n<p class=\"has-text-align-justify\">Pour s&rsquo;inscrire, venez nous rencontrer sur l&rsquo;un de nos cr\u00e9neaux d&rsquo;ouvertures pour d\u00e9couvrir notre club et faire une s\u00e9ance d&rsquo;essai. Nous vous donnerons alors la fiche d&rsquo;inscription \u00e0 remplir. Les tarifs sont en fonction de votre \u00e2ge, des cours et du type de licence que vous prenez. Vous pouvez voir les tarifs ou proc\u00e9der \u00e0 l&rsquo;inscription sur notre page helloasso : <a href=\"https:\/\/www.helloasso.com\/associations\/metz-fischer\" target=\"_blank\" rel=\"noreferrer noopener\">https:\/\/www.helloasso.com\/associations\/metz-fischer<\/a><\/p>\n\n\n<ul>\n<li>La licence <span style=\"color: #800000;\">A<\/span> permet de participer \u00e0 toutes les comp\u00e9titions de la FFE et d\u2019obtenir un \u00c9lo national et FIDE.<\/li>\n<li>La licence <span style=\"color: #800000;\">B<\/span> \u00ab\u00a0de loisirs\u00a0\u00bb permet de participer aux tournois de parties rapides (moins d\u2019une heure) et d\u2019obtenir un classement \u00c9lo rapide.<\/li>\n<li>L\u2019adh\u00e9sion permet \u00e0 certaines familles messines de b\u00e9n\u00e9ficier du \u00ab\u00a0<em>Pass Metz Loisirs<\/em>\u00bb (soit une aide de la ville de Metz de 50 \u20ac par enfant.)<\/li>\n<li>Paiement par ch\u00e8ques \u00e0 l\u2019ordre du Club d\u2019\u00c9checs Metz Fischer ou par virement \u00e9l\u00e9ctronique (IBAN) FR76 3000 4004 5100 0103 4790 162<\/li>\n<\/ul>","protected":false},"excerpt":{"rendered":"<p>Pour s&rsquo;inscrire, venez nous rencontrer sur l&rsquo;un de nos cr\u00e9neaux d&rsquo;ouvertures pour d\u00e9couvrir notre club et faire une s\u00e9ance d&rsquo;essai. Nous vous donnerons alors la fiche d&rsquo;inscription \u00e0 remplir. Les tarifs sont en fonction de votre \u00e2ge, des cours et &hellip; <a href=\"https:\/\/echecsmetzfischer.fr\/?page_id=47\">Continue la lecture <span class=\"meta-nav\">&rarr;<\/span><\/a><\/p>\n","protected":false},"author":1,"featured_media":0,"parent":0,"menu_order":0,"comment_status":"closed","ping_status":"closed","template":"","meta":{"jetpack_post_was_ever_published":false,"_mc_calendar":[],"footnotes":""},"class_list":["post-47","page","type-page","status-publish","hentry"],"jetpack_sharing_enabled":true,"jetpack_shortlink":"https:\/\/wp.me\/P89Tyy-L","jetpack-related-posts":[],"_links":{"self":[{"href":"https:\/\/echecsmetzfischer.fr\/index.php?rest_route=\/wp\/v2\/pages\/47","targetHints":{"allow":["GET"]}}],"collection":[{"href":"https:\/\/echecsmetzfischer.fr\/index.php?rest_route=\/wp\/v2\/pages"}],"about":[{"href":"https:\/\/echecsmetzfischer.fr\/index.php?rest_route=\/wp\/v2\/types\/page"}],"author":[{"embeddable":true,"href":"https:\/\/echecsmetzfischer.fr\/index.php?rest_route=\/wp\/v2\/users\/1"}],"replies":[{"embeddable":true,"href":"https:\/\/echecsmetzfischer.fr\/index.php?rest_route=%2Fwp%2Fv2%2Fcomments&post=47"}],"version-history":[{"count":17,"href":"https:\/\/echecsmetzfischer.fr\/index.php?rest_route=\/wp\/v2\/pages\/47\/revisions"}],"predecessor-version":[{"id":7914,"href":"https:\/\/echecsmetzfischer.fr\/index.php?rest_route=\/wp\/v2\/pages\/47\/revisions\/7914"}],"wp:attachment":[{"href":"https:\/\/echecsmetzfischer.fr\/index.php?rest_route=%2Fwp%2Fv2%2Fmedia&parent=47"}],"curies":[{"name":"wp","href":"https:\/\/api.w.org\/{rel}","templated":true}]}}