{"id":80,"date":"2016-06-02T20:52:47","date_gmt":"2016-06-02T19:52:47","guid":{"rendered":"http:\/\/echecsmetzfischer.fr\/?page_id=80"},"modified":"2020-06-02T17:09:31","modified_gmt":"2020-06-02T16:09:31","slug":"presentation-2","status":"publish","type":"page","link":"https:\/\/echecsmetzfischer.fr\/?page_id=80","title":{"rendered":"Pr\u00e9sentation"},"content":{"rendered":"<p style=\"text-align: justify;\">Club de \u00ab\u00a0Haut niveau\u00a0\u00bb de comp\u00e9tition pour les bonnes performances de ses \u00e9quipes,\u00a0Metz Fischer est \u00e9galement reconnu, \u00a0comme <span style=\"text-decoration: underline;\"><span style=\"color: #003366; text-decoration: underline;\">Club Formateur<\/span><\/span>\u00a0!<\/p>\n<p style=\"text-align: justify;\">Le Club propose une formation de qualit\u00e9, en petits groupes de niveau, assur\u00e9e par un entra\u00eeneur dipl\u00f4m\u00e9 de la FFE.<\/p>\n<p style=\"text-align: justify;\">S\u00e9bastien Pucher, Ma\u00eetre FIDE, dipl\u00f4m\u00e9 DEFFE 2 (Entra\u00eeneur National), est charg\u00e9 de la formation, il est second\u00e9 par plusieurs joueurs b\u00e9n\u00e9voles.<\/p>\n<p style=\"text-align: justify;\">Les cours sont r\u00e9guli\u00e8rement organis\u00e9s pour\u00a0:<\/p>\n<ul style=\"text-align: justify;\">\n<li>Les jeunes joueurs : d\u00e9butants, confirm\u00e9s ou experts<\/li>\n<li>Les adultes :\u00a02 vendredis soir par mois .<\/li>\n<\/ul>\n<p style=\"text-align: justify;\">Derniers r\u00e9sultats parmi les plus significatifs\u00a0:<\/p>\n<ul style=\"text-align: justify;\">\n<li>Cyrielle Monpeurt : Championne de France U20 2014;<\/li>\n<li>Dorian Micottis\u00a0: Vice-champion de France Cadets en 2015;<\/li>\n<li>Manon Schippk\u00e9 : Vice-championne de France U10 en 2017 et U12 en 2019;<\/li>\n<li>Elouan Fardet : Champion de France U14 en 2019;<\/li>\n<li>Chaque ann\u00e9e de nombreux titres de Champion et de Championne de Lorraine et de Moselle.<\/li>\n<\/ul>\n<p style=\"text-align: justify;\">Tarif unique, tr\u00e8s attractif, pour ces cours \u00a0(hors p\u00e9riode de vacances scolaires) \u00a0 :\u00a0 50 \u20ac \u00e0 l&rsquo;ann\u00e9e.<\/p>\n\n\n<figure><iframe loading=\"lazy\" width=\"441\" height=\"361\" src=\"https:\/\/www.youtube.com\/embed\/IjMNbp1gClA?list=PLblBYAG9k8WGpsQW_gU_pYIyUgHvg0Ezy\" allowfullscreen=\"\"><\/iframe><\/figure>\n","protected":false},"excerpt":{"rendered":"<p>Club de \u00ab\u00a0Haut niveau\u00a0\u00bb de comp\u00e9tition pour les bonnes performances de ses \u00e9quipes,\u00a0Metz Fischer est \u00e9galement reconnu, \u00a0comme Club Formateur\u00a0! Le Club propose une formation de qualit\u00e9, en petits groupes de niveau, assur\u00e9e par un entra\u00eeneur dipl\u00f4m\u00e9 de la FFE. &hellip; <a href=\"https:\/\/echecsmetzfischer.fr\/?page_id=80\">Continue la lecture <span class=\"meta-nav\">&rarr;<\/span><\/a><\/p>\n","protected":false},"author":1,"featured_media":0,"parent":0,"menu_order":0,"comment_status":"closed","ping_status":"closed","template":"","meta":{"jetpack_post_was_ever_published":false,"_mc_calendar":[],"footnotes":""},"class_list":["post-80","page","type-page","status-publish","hentry"],"jetpack_sharing_enabled":true,"jetpack_shortlink":"https:\/\/wp.me\/P89Tyy-1i","jetpack-related-posts":[],"_links":{"self":[{"href":"https:\/\/echecsmetzfischer.fr\/index.php?rest_route=\/wp\/v2\/pages\/80","targetHints":{"allow":["GET"]}}],"collection":[{"href":"https:\/\/echecsmetzfischer.fr\/index.php?rest_route=\/wp\/v2\/pages"}],"about":[{"href":"https:\/\/echecsmetzfischer.fr\/index.php?rest_route=\/wp\/v2\/types\/page"}],"author":[{"embeddable":true,"href":"https:\/\/echecsmetzfischer.fr\/index.php?rest_route=\/wp\/v2\/users\/1"}],"replies":[{"embeddable":true,"href":"https:\/\/echecsmetzfischer.fr\/index.php?rest_route=%2Fwp%2Fv2%2Fcomments&post=80"}],"version-history":[{"count":12,"href":"https:\/\/echecsmetzfischer.fr\/index.php?rest_route=\/wp\/v2\/pages\/80\/revisions"}],"predecessor-version":[{"id":4655,"href":"https:\/\/echecsmetzfischer.fr\/index.php?rest_route=\/wp\/v2\/pages\/80\/revisions\/4655"}],"wp:attachment":[{"href":"https:\/\/echecsmetzfischer.fr\/index.php?rest_route=%2Fwp%2Fv2%2Fmedia&parent=80"}],"curies":[{"name":"wp","href":"https:\/\/api.w.org\/{rel}","templated":true}]}}